{"id":530,"date":"2021-01-30T21:57:55","date_gmt":"2021-01-30T20:57:55","guid":{"rendered":"https:\/\/martinique-yoga.com\/?page_id=530"},"modified":"2022-10-13T16:15:46","modified_gmt":"2022-10-13T14:15:46","slug":"mon-histoire","status":"publish","type":"page","link":"https:\/\/martinique-yoga.com\/index.php\/mon-histoire\/","title":{"rendered":"Mon histoire"},"content":{"rendered":"\n<figure class=\"wp-block-gallery has-nested-images columns-default is-cropped wp-block-gallery-1 is-layout-flex wp-block-gallery-is-layout-flex\">\n<figure class=\"wp-block-image size-large\"><img loading=\"lazy\" decoding=\"async\" width=\"768\" height=\"1024\" data-id=\"471\" src=\"https:\/\/martinique-yoga.com\/wp-content\/uploads\/2019\/07\/IMG-20190610-WA0011-768x1024.jpg\" alt=\"\" class=\"wp-image-471\" srcset=\"https:\/\/martinique-yoga.com\/wp-content\/uploads\/2019\/07\/IMG-20190610-WA0011-768x1024.jpg 768w, https:\/\/martinique-yoga.com\/wp-content\/uploads\/2019\/07\/IMG-20190610-WA0011-225x300.jpg 225w, https:\/\/martinique-yoga.com\/wp-content\/uploads\/2019\/07\/IMG-20190610-WA0011.jpg 960w\" sizes=\"auto, (max-width: 768px) 100vw, 768px\" \/><\/figure>\n\n\n\n<figure class=\"wp-block-image size-large\"><img loading=\"lazy\" decoding=\"async\" width=\"1024\" height=\"614\" data-id=\"453\" src=\"https:\/\/martinique-yoga.com\/wp-content\/uploads\/2017\/08\/cropped-IMG_20170819_222550_199-1024x614.jpg\" alt=\"\" class=\"wp-image-453\" srcset=\"https:\/\/martinique-yoga.com\/wp-content\/uploads\/2017\/08\/cropped-IMG_20170819_222550_199-1024x614.jpg 1024w, https:\/\/martinique-yoga.com\/wp-content\/uploads\/2017\/08\/cropped-IMG_20170819_222550_199-300x180.jpg 300w, https:\/\/martinique-yoga.com\/wp-content\/uploads\/2017\/08\/cropped-IMG_20170819_222550_199-768x461.jpg 768w, https:\/\/martinique-yoga.com\/wp-content\/uploads\/2017\/08\/cropped-IMG_20170819_222550_199.jpg 2000w\" sizes=\"auto, (max-width: 1024px) 100vw, 1024px\" \/><\/figure>\n\n\n\n<figure class=\"wp-block-image size-large\"><img loading=\"lazy\" decoding=\"async\" width=\"1024\" height=\"614\" data-id=\"432\" src=\"https:\/\/martinique-yoga.com\/wp-content\/uploads\/2017\/08\/cropped-IMG_20170603_225558_276-1024x614.jpg\" alt=\"\" class=\"wp-image-432\" srcset=\"https:\/\/martinique-yoga.com\/wp-content\/uploads\/2017\/08\/cropped-IMG_20170603_225558_276-1024x614.jpg 1024w, https:\/\/martinique-yoga.com\/wp-content\/uploads\/2017\/08\/cropped-IMG_20170603_225558_276-300x180.jpg 300w, https:\/\/martinique-yoga.com\/wp-content\/uploads\/2017\/08\/cropped-IMG_20170603_225558_276-768x460.jpg 768w, https:\/\/martinique-yoga.com\/wp-content\/uploads\/2017\/08\/cropped-IMG_20170603_225558_276.jpg 2000w\" sizes=\"auto, (max-width: 1024px) 100vw, 1024px\" \/><\/figure>\n\n\n\n<figure class=\"wp-block-image size-large\"><img loading=\"lazy\" decoding=\"async\" width=\"1024\" height=\"614\" data-id=\"309\" src=\"https:\/\/martinique-yoga.com\/wp-content\/uploads\/2017\/08\/cropped-cropped-Yoga-KT-4-1024x614.png\" alt=\"\" class=\"wp-image-309\" srcset=\"https:\/\/martinique-yoga.com\/wp-content\/uploads\/2017\/08\/cropped-cropped-Yoga-KT-4-1024x614.png 1024w, https:\/\/martinique-yoga.com\/wp-content\/uploads\/2017\/08\/cropped-cropped-Yoga-KT-4-300x180.png 300w, https:\/\/martinique-yoga.com\/wp-content\/uploads\/2017\/08\/cropped-cropped-Yoga-KT-4-768x461.png 768w, https:\/\/martinique-yoga.com\/wp-content\/uploads\/2017\/08\/cropped-cropped-Yoga-KT-4.png 2000w\" sizes=\"auto, (max-width: 1024px) 100vw, 1024px\" \/><\/figure>\n\n\n\n<figure class=\"wp-block-image size-large\"><img loading=\"lazy\" decoding=\"async\" width=\"1024\" height=\"668\" data-id=\"142\" src=\"https:\/\/martinique-yoga.com\/wp-content\/uploads\/2017\/08\/IMG_20170710_181006_280-1024x668.jpg\" alt=\"\" class=\"wp-image-142\" srcset=\"https:\/\/martinique-yoga.com\/wp-content\/uploads\/2017\/08\/IMG_20170710_181006_280-1024x668.jpg 1024w, https:\/\/martinique-yoga.com\/wp-content\/uploads\/2017\/08\/IMG_20170710_181006_280-300x196.jpg 300w, https:\/\/martinique-yoga.com\/wp-content\/uploads\/2017\/08\/IMG_20170710_181006_280-768x501.jpg 768w, https:\/\/martinique-yoga.com\/wp-content\/uploads\/2017\/08\/IMG_20170710_181006_280.jpg 1280w\" sizes=\"auto, (max-width: 1024px) 100vw, 1024px\" \/><\/figure>\n\n\n\n<figure class=\"wp-block-image size-large\"><img loading=\"lazy\" decoding=\"async\" width=\"1024\" height=\"614\" data-id=\"30\" src=\"https:\/\/martinique-yoga.com\/wp-content\/uploads\/2017\/08\/cropped-IMGP0998-1024x614.jpg\" alt=\"\" class=\"wp-image-30\" srcset=\"https:\/\/martinique-yoga.com\/wp-content\/uploads\/2017\/08\/cropped-IMGP0998-1024x614.jpg 1024w, https:\/\/martinique-yoga.com\/wp-content\/uploads\/2017\/08\/cropped-IMGP0998-300x180.jpg 300w, https:\/\/martinique-yoga.com\/wp-content\/uploads\/2017\/08\/cropped-IMGP0998-768x461.jpg 768w, https:\/\/martinique-yoga.com\/wp-content\/uploads\/2017\/08\/cropped-IMGP0998.jpg 2000w\" sizes=\"auto, (max-width: 1024px) 100vw, 1024px\" \/><\/figure>\n<\/figure>\n\n\n\n<p>Bienvenue dans mon Univers depuis la presqu&#8217;\u00eele de la Caravelle en Martinique!<\/p>\n\n\n\n<p>Entre surf, yoga, m\u00e9ditations, massage et surtout coaching, je partage avec vous mes ann\u00e9es de cheminement&#8230;<\/p>\n\n\n\n<p>Aussi loin que je m&#8217;en souvienne, j&#8217;ai toujours \u00e9t\u00e9 une enfant angoiss\u00e9e et tr\u00e8s inqui\u00e8te, grandissant avec ma m\u00e8re et ma soeur, et ne voyant mon p\u00e8re que rarement&#8230; Ainsi, s&#8217;encode en moi, me semble-t&#8217;il, culture et croyances familiales essentiellement orient\u00e9es sur le manque et les peurs qui en d\u00e9coulent, mat\u00e9rialis\u00e9es au quotidien par l&#8217;argent, l&#8217;amour, l&#8217;abandon, l&#8217;ins\u00e9curit\u00e9 &#8230; <\/p>\n\n\n\n<p>Les ann\u00e9es passant, je me forge une identit\u00e9 d&#8217;adulte o\u00f9 col\u00e8re, injustice, qu\u00eate de sens et de paix int\u00e9rieure se c\u00f4toient au d\u00e9triment de mon sommeil et de ma sant\u00e9.<\/p>\n\n\n\n<p>Pourtant, toutes mes cases dogmatiques du bonheur semblaient remplies: pr\u00e9pa HEC, \u00e9cole de commerce, master en syst\u00e8mes d&#8217;information, chef de projet, puis consultante dans une des big 4&#8230; <\/p>\n\n\n\n<p>Malgr\u00e9 tout, d\u00e9pressions et burn out alimentaient mon vide int\u00e9rieur m&#8217;entrainant dans une spirale compensatrice sportive et alimentaire.<\/p>\n\n\n\n<p>Ainsi, in\u00e9luctablement, \u00e0 l&#8217;aube de mes 29ans, un premier choc existentiel, me fit tout plaquer du jour au lendemain.<\/p>\n\n\n\n<p>La r\u00e9alit\u00e9 me rattrapant rapidement avec son lot de tristesse, de sentiment d&#8217;\u00e9chec, de vie g\u00e2ch\u00e9e&#8230; Il me fallait n\u00e9anmoins temps et argent pour m&#8217;offrir une autre perspective.<\/p>\n\n\n\n<p>C&#8217;est ainsi que s&#8217;enchainent, arr\u00eat maladie, d\u00e9part n\u00e9goci\u00e9, entretien d&#8217;une vie sociale bancale avec mon ancien monde aupr\u00e8s d&#8217;anciens coll\u00e8gues extr\u00eamement bienveillants&#8230; Commence alors le d\u00e9but de ma reconversion professionnelle comme personnal trainer en salle de sport de luxe au Luxembourg, puis m&#8217;orientant progressivement vers le yoga et le massage pour lesquels j&#8217;entreprends voyages et formations entre 2010 et 2014: Su\u00e8de, Vietnam, Laos, Bali, Nouvelle Z\u00e9lande, Portugal, Paris pour atterrir enfin en Martinique&#8230;<\/p>\n\n\n\n<p>En 2014, je trouve enfin un peu de stabilit\u00e9 en Martinique en tant que prof de yoga et masseuse, surfant tous les jours et habitant en face du spot&#8230; A mon grand d\u00e9sarroi, crises d&#8217;angoisse, mal \u00eatre int\u00e9rieur, \u00e9chec amoureux, amiti\u00e9s houleuses et somatisations extr\u00eames ne m&#8217;ont pas quitt\u00e9e malgr\u00e9 cette illusion de vie parfaite. <\/p>\n\n\n\n<p>Un d\u00e9clic s&#8217;op\u00e8re alors en moi, choisissant de me responsabiliser enti\u00e8rement sur mon histoire, relativisant les innombrables recours pass\u00e9s aupr\u00e8s de multiples th\u00e9rapeutes ( kin\u00e9sio, m\u00e9diums, energ\u00e9ticiens, gu\u00e9risseurs, psychologues, etc.).<\/p>\n\n\n\n<p>Dans la continuit\u00e9 de cette conscientisation, et motiv\u00e9e par une relation amoureuse nouvelle et prometteuse, j&#8217;investis dans un coaching qui a chang\u00e9 ma VIE.<\/p>\n\n\n\n<p>En quelques semaines \u00e0 peine, je me r\u00e9veille enfin heureuse et pleine d&#8217;\u00e9nergie, je gu\u00e9ris de toutes mes somatisations (maux de ventres extr\u00eames, d\u00e9s\u00e9quilibres de la sph\u00e8re f\u00e9minine, psoriasis, crises d&#8217;angoisses &#8230;), combinant \u00e9panouissement artistique et th\u00e9rapeutique ainsi qu&#8217;abondance mat\u00e9rielle. <\/p>\n\n\n\n<p>Je me sens enfin utile, align\u00e9e, \u00e0 ma place.<\/p>\n\n\n\n<p>Je ressens une infinie gratitude pour ma famille, mon amoureux, mes amis , mes \u00e9l\u00e8ves, mes coach\u00e9s. Ensembles nous ouvrons le champ d&#8217;un autre possible associant harmonieusement Amour, Abondance, Joie et Sant\u00e9!!!<\/p>\n\n\n\n<p>Bisous<\/p>\n\n\n\n<p>Coach KT<\/p>\n\n\n\n<p><\/p>\n","protected":false},"excerpt":{"rendered":"<p>Bienvenue dans mon Univers depuis la presqu&#8217;\u00eele de la Caravelle en Martinique! Entre surf, yoga, m\u00e9ditations, massage et surtout coaching, je partage avec vous mes ann\u00e9es de cheminement&#8230; Aussi loin que je m&#8217;en souvienne, j&#8217;ai toujours \u00e9t\u00e9 une enfant angoiss\u00e9e et tr\u00e8s inqui\u00e8te, grandissant avec ma m\u00e8re et ma soeur, et ne voyant&#8230;<\/p>\n","protected":false},"author":1,"featured_media":0,"parent":0,"menu_order":0,"comment_status":"closed","ping_status":"closed","template":"","meta":{"footnotes":""},"class_list":["post-530","page","type-page","status-publish","hentry"],"_links":{"self":[{"href":"https:\/\/martinique-yoga.com\/index.php\/wp-json\/wp\/v2\/pages\/530","targetHints":{"allow":["GET"]}}],"collection":[{"href":"https:\/\/martinique-yoga.com\/index.php\/wp-json\/wp\/v2\/pages"}],"about":[{"href":"https:\/\/martinique-yoga.com\/index.php\/wp-json\/wp\/v2\/types\/page"}],"author":[{"embeddable":true,"href":"https:\/\/martinique-yoga.com\/index.php\/wp-json\/wp\/v2\/users\/1"}],"replies":[{"embeddable":true,"href":"https:\/\/martinique-yoga.com\/index.php\/wp-json\/wp\/v2\/comments?post=530"}],"version-history":[{"count":6,"href":"https:\/\/martinique-yoga.com\/index.php\/wp-json\/wp\/v2\/pages\/530\/revisions"}],"predecessor-version":[{"id":656,"href":"https:\/\/martinique-yoga.com\/index.php\/wp-json\/wp\/v2\/pages\/530\/revisions\/656"}],"wp:attachment":[{"href":"https:\/\/martinique-yoga.com\/index.php\/wp-json\/wp\/v2\/media?parent=530"}],"curies":[{"name":"wp","href":"https:\/\/api.w.org\/{rel}","templated":true}]}}