{"id":545,"date":"2021-01-30T22:12:54","date_gmt":"2021-01-30T21:12:54","guid":{"rendered":"https:\/\/martinique-yoga.com\/?page_id=545"},"modified":"2022-10-25T17:15:49","modified_gmt":"2022-10-25T15:15:49","slug":"coaching","status":"publish","type":"page","link":"https:\/\/martinique-yoga.com\/index.php\/coaching\/","title":{"rendered":"Coaching"},"content":{"rendered":"\n<p>Je propose des coaching individuels et en groupe, voici une s\u00e9lection de t\u00e9moignages de mes \u00e9l\u00e8ves ador\u00e9s! <\/p>\n\n\n\n<p>Contactez moi pour me poser vos questions et je vous proposerai un accompagnement adapt\u00e9 \u00e0 vos besoins. Je travaille principalement sur la gu\u00e9rison de son enfant int\u00e9rieur ainsi que sur le Pardon. <\/p>\n\n\n\n<p><\/p>\n\n\n\n<figure class=\"wp-block-embed is-type-video is-provider-youtube wp-block-embed-youtube wp-embed-aspect-16-9 wp-has-aspect-ratio\"><div class=\"wp-block-embed__wrapper\">\n<iframe loading=\"lazy\" title=\"Interview Sophie: Comment redonner du sens \u00e0 sa vie et se sentir align\u00e9e\" width=\"690\" height=\"388\" src=\"https:\/\/www.youtube.com\/embed\/ILKdv7RYXSY?feature=oembed\" frameborder=\"0\" allow=\"accelerometer; autoplay; clipboard-write; encrypted-media; gyroscope; picture-in-picture; web-share\" referrerpolicy=\"strict-origin-when-cross-origin\" allowfullscreen><\/iframe>\n<\/div><\/figure>\n\n\n\n<p><\/p>\n\n\n\n<figure class=\"wp-block-embed is-type-video is-provider-youtube wp-block-embed-youtube wp-embed-aspect-16-9 wp-has-aspect-ratio\"><div class=\"wp-block-embed__wrapper\">\n<iframe loading=\"lazy\" title=\"Interview coaching St\u00e9phanie ou comment rouvrir la porte \u00e0 l amour et s autoriser le bonheur\" width=\"690\" height=\"388\" src=\"https:\/\/www.youtube.com\/embed\/KRZnWBBZ3RI?feature=oembed\" frameborder=\"0\" allow=\"accelerometer; autoplay; clipboard-write; encrypted-media; gyroscope; picture-in-picture; web-share\" referrerpolicy=\"strict-origin-when-cross-origin\" allowfullscreen><\/iframe>\n<\/div><\/figure>\n\n\n\n<figure class=\"wp-block-embed is-type-video is-provider-youtube wp-block-embed-youtube wp-embed-aspect-16-9 wp-has-aspect-ratio\"><div class=\"wp-block-embed__wrapper\">\n<iframe loading=\"lazy\" title=\"Interview coaching Marvin ou comment passer \u00e0 l&#039;action pour de bon!\" width=\"690\" height=\"388\" src=\"https:\/\/www.youtube.com\/embed\/G6s1EFht8PY?feature=oembed\" frameborder=\"0\" allow=\"accelerometer; autoplay; clipboard-write; encrypted-media; gyroscope; picture-in-picture; web-share\" referrerpolicy=\"strict-origin-when-cross-origin\" allowfullscreen><\/iframe>\n<\/div><\/figure>\n\n\n\n<figure class=\"wp-block-video\"><\/figure>\n\n\n\n<figure class=\"wp-block-embed is-type-video is-provider-youtube wp-block-embed-youtube wp-embed-aspect-16-9 wp-has-aspect-ratio\"><div class=\"wp-block-embed__wrapper\">\n<iframe loading=\"lazy\" title=\"Interview Aliz\u00e9e : sortir de la victimisation et reprendre confiance en soi!\" width=\"690\" height=\"388\" src=\"https:\/\/www.youtube.com\/embed\/zwFJ9-VqaiM?feature=oembed\" frameborder=\"0\" allow=\"accelerometer; autoplay; clipboard-write; encrypted-media; gyroscope; picture-in-picture; web-share\" referrerpolicy=\"strict-origin-when-cross-origin\" allowfullscreen><\/iframe>\n<\/div><\/figure>\n\n\n\n<figure class=\"wp-block-embed is-type-video is-provider-youtube wp-block-embed-youtube wp-embed-aspect-16-9 wp-has-aspect-ratio\"><div class=\"wp-block-embed__wrapper\">\n<iframe loading=\"lazy\" title=\"Interview Justine Bessard\" width=\"690\" height=\"388\" src=\"https:\/\/www.youtube.com\/embed\/h_aRcyW0UIw?feature=oembed\" frameborder=\"0\" allow=\"accelerometer; autoplay; clipboard-write; encrypted-media; gyroscope; picture-in-picture; web-share\" referrerpolicy=\"strict-origin-when-cross-origin\" allowfullscreen><\/iframe>\n<\/div><\/figure>\n\n\n\n<figure class=\"wp-block-embed is-type-video is-provider-youtube wp-block-embed-youtube wp-embed-aspect-16-9 wp-has-aspect-ratio\"><div class=\"wp-block-embed__wrapper\">\n<iframe loading=\"lazy\" title=\"Interview Isabelle\" width=\"690\" height=\"388\" src=\"https:\/\/www.youtube.com\/embed\/ye6GCs4kKLE?feature=oembed\" frameborder=\"0\" allow=\"accelerometer; autoplay; clipboard-write; encrypted-media; gyroscope; picture-in-picture; web-share\" referrerpolicy=\"strict-origin-when-cross-origin\" allowfullscreen><\/iframe>\n<\/div><\/figure>\n\n\n\n<figure class=\"wp-block-embed is-type-video is-provider-youtube wp-block-embed-youtube wp-embed-aspect-16-9 wp-has-aspect-ratio\"><div class=\"wp-block-embed__wrapper\">\n<iframe loading=\"lazy\" title=\"Interview Flora\" width=\"690\" height=\"388\" src=\"https:\/\/www.youtube.com\/embed\/jtmhgQd2pHY?feature=oembed\" frameborder=\"0\" allow=\"accelerometer; autoplay; clipboard-write; encrypted-media; gyroscope; picture-in-picture; web-share\" referrerpolicy=\"strict-origin-when-cross-origin\" allowfullscreen><\/iframe>\n<\/div><\/figure>\n","protected":false},"excerpt":{"rendered":"<p>Je propose des coaching individuels et en groupe, voici une s\u00e9lection de t\u00e9moignages de mes \u00e9l\u00e8ves ador\u00e9s! Contactez moi pour me poser vos questions et je vous proposerai un accompagnement adapt\u00e9 \u00e0 vos besoins. Je travaille principalement sur la gu\u00e9rison de son enfant int\u00e9rieur ainsi que sur le Pardon.<\/p>\n","protected":false},"author":1,"featured_media":0,"parent":0,"menu_order":0,"comment_status":"closed","ping_status":"closed","template":"","meta":{"footnotes":""},"class_list":["post-545","page","type-page","status-publish","hentry"],"_links":{"self":[{"href":"https:\/\/martinique-yoga.com\/index.php\/wp-json\/wp\/v2\/pages\/545","targetHints":{"allow":["GET"]}}],"collection":[{"href":"https:\/\/martinique-yoga.com\/index.php\/wp-json\/wp\/v2\/pages"}],"about":[{"href":"https:\/\/martinique-yoga.com\/index.php\/wp-json\/wp\/v2\/types\/page"}],"author":[{"embeddable":true,"href":"https:\/\/martinique-yoga.com\/index.php\/wp-json\/wp\/v2\/users\/1"}],"replies":[{"embeddable":true,"href":"https:\/\/martinique-yoga.com\/index.php\/wp-json\/wp\/v2\/comments?post=545"}],"version-history":[{"count":4,"href":"https:\/\/martinique-yoga.com\/index.php\/wp-json\/wp\/v2\/pages\/545\/revisions"}],"predecessor-version":[{"id":665,"href":"https:\/\/martinique-yoga.com\/index.php\/wp-json\/wp\/v2\/pages\/545\/revisions\/665"}],"wp:attachment":[{"href":"https:\/\/martinique-yoga.com\/index.php\/wp-json\/wp\/v2\/media?parent=545"}],"curies":[{"name":"wp","href":"https:\/\/api.w.org\/{rel}","templated":true}]}}