{"id":546,"date":"2021-01-30T22:12:54","date_gmt":"2021-01-30T21:12:54","guid":{"rendered":"https:\/\/martinique-yoga.com\/?page_id=546"},"modified":"2022-10-25T17:26:35","modified_gmt":"2022-10-25T15:26:35","slug":"communaute","status":"publish","type":"page","link":"https:\/\/martinique-yoga.com\/index.php\/communaute\/","title":{"rendered":"Communaut\u00e9"},"content":{"rendered":"\n<p>Rejoins moi sur <a href=\"https:\/\/www.facebook.com\/khiettrinh.tran?locale=fr_FR\" data-type=\"URL\" data-id=\"https:\/\/www.facebook.com\/khiettrinh.tran?locale=fr_FR\" target=\"_blank\" rel=\"noreferrer noopener\">FB<\/a>, <a href=\"https:\/\/www.instagram.com\/khiet_trinh_tran\/\" data-type=\"URL\" data-id=\"https:\/\/www.instagram.com\/khiet_trinh_tran\/\" target=\"_blank\" rel=\"noreferrer noopener\">insta<\/a> ou encore <a href=\"https:\/\/www.youtube.com\/channel\/UCXddLFyI7GRfellJRDjTUmQ\" data-type=\"URL\" data-id=\"https:\/\/www.youtube.com\/channel\/UCXddLFyI7GRfellJRDjTUmQ\" target=\"_blank\" rel=\"noreferrer noopener\">Youtube<\/a>!<\/p>\n\n\n\n<p><a href=\"https:\/\/khiet-trinh-coach.lepodcast.fr\" data-type=\"URL\" data-id=\"https:\/\/khiet-trinh-coach.lepodcast.fr\" target=\"_blank\" rel=\"noreferrer noopener\">Mon podcast d\u00e9di\u00e9 aux th\u00e9rapeutes!<\/a><\/p>\n\n\n\n<p><\/p>\n\n\n\n<p><\/p>\n\n\n\n<figure class=\"wp-block-embed is-type-wp-embed is-provider-podcloud wp-block-embed-podcloud\"><div class=\"wp-block-embed__wrapper\">\n<iframe loading=\"lazy\" class=\"wp-embedded-content\" sandbox=\"allow-scripts\" security=\"restricted\" title=\"D\u00e9esses &amp; leadeuses 2.0\" width=\"100%\" height=\"380\" src=\"https:\/\/podcloud.fr\/podcast\/khiet-trinh-coach\/player#?secret=uvzTlKYOlz\" data-secret=\"uvzTlKYOlz\" frameborder=\"0\"><\/iframe>\n<\/div><\/figure>\n\n\n\n<figure class=\"wp-block-embed is-type-wp-embed is-provider-podcloud wp-block-embed-podcloud\"><div class=\"wp-block-embed__wrapper\">\n<iframe loading=\"lazy\" class=\"wp-embedded-content\" sandbox=\"allow-scripts\" security=\"restricted\" title=\"D\u00e9esses &amp; leadeuses 2.0\" width=\"100%\" height=\"380\" src=\"https:\/\/podcloud.fr\/podcast\/khiet-trinh-coach\/player#?secret=idHf3yP5IK\" data-secret=\"idHf3yP5IK\" frameborder=\"0\"><\/iframe>\n<\/div><\/figure>\n\n\n\n<p><\/p>\n\n\n\n<iframe loading=\"lazy\" class=\"wp-embedded-content\" sandbox=\"allow-scripts\" security=\"restricted\" title=\"D\u00e9esses &amp; leadeuses 2.0\" width=\"100%\" height=\"380\" src=\"https:\/\/podcloud.fr\/podcast\/khiet-trinh-coach\/player#?secret=idHf3yP5IK\" data-secret=\"idHf3yP5IK\" frameborder=\"0\"><\/iframe>\n","protected":false},"excerpt":{"rendered":"<p>Rejoins moi sur FB, insta ou encore Youtube! Mon podcast d\u00e9di\u00e9 aux th\u00e9rapeutes!<\/p>\n","protected":false},"author":1,"featured_media":0,"parent":0,"menu_order":0,"comment_status":"closed","ping_status":"closed","template":"","meta":{"footnotes":""},"class_list":["post-546","page","type-page","status-publish","hentry"],"_links":{"self":[{"href":"https:\/\/martinique-yoga.com\/index.php\/wp-json\/wp\/v2\/pages\/546","targetHints":{"allow":["GET"]}}],"collection":[{"href":"https:\/\/martinique-yoga.com\/index.php\/wp-json\/wp\/v2\/pages"}],"about":[{"href":"https:\/\/martinique-yoga.com\/index.php\/wp-json\/wp\/v2\/types\/page"}],"author":[{"embeddable":true,"href":"https:\/\/martinique-yoga.com\/index.php\/wp-json\/wp\/v2\/users\/1"}],"replies":[{"embeddable":true,"href":"https:\/\/martinique-yoga.com\/index.php\/wp-json\/wp\/v2\/comments?post=546"}],"version-history":[{"count":11,"href":"https:\/\/martinique-yoga.com\/index.php\/wp-json\/wp\/v2\/pages\/546\/revisions"}],"predecessor-version":[{"id":672,"href":"https:\/\/martinique-yoga.com\/index.php\/wp-json\/wp\/v2\/pages\/546\/revisions\/672"}],"wp:attachment":[{"href":"https:\/\/martinique-yoga.com\/index.php\/wp-json\/wp\/v2\/media?parent=546"}],"curies":[{"name":"wp","href":"https:\/\/api.w.org\/{rel}","templated":true}]}}